{"id":7014,"date":"2023-05-29T16:03:50","date_gmt":"2023-05-29T16:03:50","guid":{"rendered":"https:\/\/kaarelantonov.com\/fotograafist-kaarel-antonov\/"},"modified":"2024-02-22T18:34:41","modified_gmt":"2024-02-22T18:34:41","slug":"fotograafist","status":"publish","type":"page","link":"https:\/\/kaarelantonov.com\/et\/fotograaf-tallinnas\/fotograafist\/","title":{"rendered":"Broneeri Fotograaf Kaarel Antonov Tallinnas"},"content":{"rendered":"\t\t<div data-elementor-type=\"wp-post\" data-elementor-id=\"7014\" class=\"elementor elementor-7014 elementor-2710\">\n\t\t\t\t<div class=\"elementor-element elementor-element-523f7b2e e-flex e-con-boxed e-con e-parent\" data-id=\"523f7b2e\" data-element_type=\"container\" data-e-type=\"container\" data-settings=\"{&quot;background_background&quot;:&quot;classic&quot;}\">\n\t\t\t\t\t<div class=\"e-con-inner\">\n\t\t\t\t<div class=\"elementor-element elementor-element-65960be6 elementor-widget elementor-widget-spacer\" data-id=\"65960be6\" data-element_type=\"widget\" data-e-type=\"widget\" data-widget_type=\"spacer.default\">\n\t\t\t\t<div class=\"elementor-widget-container\">\n\t\t\t\t\t\t\t<div class=\"elementor-spacer\">\n\t\t\t<div class=\"elementor-spacer-inner\"><\/div>\n\t\t<\/div>\n\t\t\t\t\t\t<\/div>\n\t\t\t\t<\/div>\n\t\t\t\t<div class=\"elementor-element elementor-element-4ccfdf8f elementor-widget elementor-widget-heading\" data-id=\"4ccfdf8f\" data-element_type=\"widget\" data-e-type=\"widget\" data-widget_type=\"heading.default\">\n\t\t\t\t<div class=\"elementor-widget-container\">\n\t\t\t\t\t<h1 class=\"elementor-heading-title elementor-size-default\">Inspireeritud maailmast<\/h1>\t\t\t\t<\/div>\n\t\t\t\t<\/div>\n\t\t\t\t<div class=\"elementor-element elementor-element-502f9009 elementor-widget elementor-widget-heading\" data-id=\"502f9009\" data-element_type=\"widget\" data-e-type=\"widget\" data-widget_type=\"heading.default\">\n\t\t\t\t<div class=\"elementor-widget-container\">\n\t\t\t\t\t<h5 class=\"elementor-heading-title elementor-size-default\">Minu lugu<\/h5>\t\t\t\t<\/div>\n\t\t\t\t<\/div>\n\t\t\t\t<div class=\"elementor-element elementor-element-1d36da33 elementor-widget elementor-widget-spacer\" data-id=\"1d36da33\" data-element_type=\"widget\" data-e-type=\"widget\" data-widget_type=\"spacer.default\">\n\t\t\t\t<div class=\"elementor-widget-container\">\n\t\t\t\t\t\t\t<div class=\"elementor-spacer\">\n\t\t\t<div class=\"elementor-spacer-inner\"><\/div>\n\t\t<\/div>\n\t\t\t\t\t\t<\/div>\n\t\t\t\t<\/div>\n\t\t\t\t<div class=\"elementor-element elementor-element-5669b45b elementor-widget elementor-widget-text-editor\" data-id=\"5669b45b\" data-element_type=\"widget\" data-e-type=\"widget\" data-widget_type=\"text-editor.default\">\n\t\t\t\t<div class=\"elementor-widget-container\">\n\t\t\t\t\t\t\t\t\t<p>Tegelen fotograafiaga p\u00f5hiliselt Tallinnas ja sageli liigun ringi. Soovid rohkem teada, anna endast m\u00e4rku.<\/p>\n\t\t\t\t\t\t\t\t<\/div>\n\t\t\t\t<\/div>\n\t\t\t\t<div class=\"elementor-element elementor-element-72c22939 elementor-widget elementor-widget-qi_addons_for_elementor_button\" data-id=\"72c22939\" data-element_type=\"widget\" data-e-type=\"widget\" data-widget_type=\"qi_addons_for_elementor_button.default\">\n\t\t\t\t<div class=\"elementor-widget-container\">\n\t\t\t\t\t<a class=\"qodef-shortcode qodef-m qodef-qi-button qodef-html--link qodef-layout--outlined qodef-type--standard qodef-icon--right qodef-hover--icon-move-horizontal-short\" href=\"https:\/\/kaarelantonov.com\/et\/broneeri-fotosessioon-tallinnas\/\" target=\"_self\">\n\t<span class=\"qodef-m-text\">Saada Kiri<\/span>\n\t<\/a>\n\t\t\t\t<\/div>\n\t\t\t\t<\/div>\n\t\t\t\t<div class=\"elementor-element elementor-element-539b546b elementor-widget elementor-widget-spacer\" data-id=\"539b546b\" data-element_type=\"widget\" data-e-type=\"widget\" data-widget_type=\"spacer.default\">\n\t\t\t\t<div class=\"elementor-widget-container\">\n\t\t\t\t\t\t\t<div class=\"elementor-spacer\">\n\t\t\t<div class=\"elementor-spacer-inner\"><\/div>\n\t\t<\/div>\n\t\t\t\t\t\t<\/div>\n\t\t\t\t<\/div>\n\t\t\t\t<div class=\"elementor-element elementor-element-315d8839 elementor-widget elementor-widget-html\" data-id=\"315d8839\" data-element_type=\"widget\" data-e-type=\"widget\" data-widget_type=\"html.default\">\n\t\t\t\t<div class=\"elementor-widget-container\">\n\t\t\t\t\t<div class=\"scroll-down\"><\/div>\t\t\t\t<\/div>\n\t\t\t\t<\/div>\n\t\t\t\t\t<\/div>\n\t\t\t\t<\/div>\n\t\t<div class=\"elementor-element elementor-element-6be1e02 animated-slow e-flex e-con-boxed elementor-invisible e-con e-parent\" data-id=\"6be1e02\" data-element_type=\"container\" data-e-type=\"container\" data-settings=\"{&quot;animation&quot;:&quot;fadeIn&quot;,&quot;animation_delay&quot;:200}\">\n\t\t\t\t\t<div class=\"e-con-inner\">\n\t\t\t\t<div class=\"elementor-element elementor-element-91602a1 elementor-widget elementor-widget-image\" data-id=\"91602a1\" data-element_type=\"widget\" data-e-type=\"widget\" data-settings=\"{&quot;_animation&quot;:&quot;none&quot;}\" data-widget_type=\"image.default\">\n\t\t\t\t<div class=\"elementor-widget-container\">\n\t\t\t\t\t\t\t\t\t\t\t\t\t\t\t<img fetchpriority=\"high\" decoding=\"async\" width=\"750\" height=\"750\" src=\"https:\/\/kaarelantonov.com\/wp-content\/uploads\/2021\/01\/Kaarel-Antonov-DP-copy.png\" class=\"attachment-1536x1536 size-1536x1536 wp-image-4984\" alt=\"Photographer Kaarel Antonov\" srcset=\"https:\/\/kaarelantonov.com\/wp-content\/uploads\/2021\/01\/Kaarel-Antonov-DP-copy.png 750w, https:\/\/kaarelantonov.com\/wp-content\/uploads\/2021\/01\/Kaarel-Antonov-DP-copy-300x300.png 300w, https:\/\/kaarelantonov.com\/wp-content\/uploads\/2021\/01\/Kaarel-Antonov-DP-copy-150x150.png 150w, https:\/\/kaarelantonov.com\/wp-content\/uploads\/2021\/01\/Kaarel-Antonov-DP-copy-160x160.png 160w\" sizes=\"(max-width: 750px) 100vw, 750px\" \/>\t\t\t\t\t\t\t\t\t\t\t\t\t\t\t<\/div>\n\t\t\t\t<\/div>\n\t\t\t\t\t<\/div>\n\t\t\t\t<\/div>\n\t\t<div class=\"elementor-element elementor-element-4e00ae8 e-flex e-con-boxed elementor-invisible e-con e-parent\" data-id=\"4e00ae8\" data-element_type=\"container\" data-e-type=\"container\" data-settings=\"{&quot;animation&quot;:&quot;fadeIn&quot;}\">\n\t\t\t\t\t<div class=\"e-con-inner\">\n\t\t\t\t<div class=\"elementor-element elementor-element-4b91d6d elementor-widget elementor-widget-heading\" data-id=\"4b91d6d\" data-element_type=\"widget\" data-e-type=\"widget\" data-widget_type=\"heading.default\">\n\t\t\t\t<div class=\"elementor-widget-container\">\n\t\t\t\t\t<h2 class=\"elementor-heading-title elementor-size-default\">Minu lugu<\/h2>\t\t\t\t<\/div>\n\t\t\t\t<\/div>\n\t\t\t\t<div class=\"elementor-element elementor-element-a2bf205 animated-slow elementor-invisible elementor-widget elementor-widget-text-editor\" data-id=\"a2bf205\" data-element_type=\"widget\" data-e-type=\"widget\" data-settings=\"{&quot;_animation&quot;:&quot;fadeIn&quot;,&quot;_animation_delay&quot;:200}\" data-widget_type=\"text-editor.default\">\n\t\t\t\t<div class=\"elementor-widget-container\">\n\t\t\t\t\t\t\t\t\t<p>Avastasin oma kire fotograafia vastu, elades ja t\u00f6\u00f6tades l\u00f5una-Indias aastal 2011. See v\u00e4rvikas kultuur, t\u00e4is emotsioone ja v\u00e4rve, lummas mind. Tundsin tugevat soovi jagada oma ainulaadset vaatenurka teistega, v\u00f5imaldades neil n\u00e4ha maailma l\u00e4bi minu silmade. Selle visiooni innustusel otsustasin investeerida oma esimesse peegelkaamerasse.<\/p>\n<p>Ajendatuna seiklusjanust ja vankumatust armastusest kofeiini vastu, alustasin teekonda \u00fcmber maailma, samal ajal t\u00f6\u00f6tades insenerina. Fotograafia on alati olnud minu pidev kaaslane, vahend oma loovuse v\u00e4ljendamiseks ja \u00fcmbritseva maailma uurimiseks. Igast sihtkohast, mida k\u00fclastan, saab inspiratsiooniallikas ja iga minu j\u00e4\u00e4dvustatud foto on kutse teistele oma reisiseikluste ja meie maailma ilu avastamisele.<\/p>\n<p>Minu t\u00f6\u00f6s on professionaalsus esmat\u00e4htis. Toetudes oma \u00fcle k\u00fcmneaastasele kogemusele inseneri- ja klienditoe valdkonnas, l\u00e4henen igale projektile p\u00f5hjalikult. Mulle meeldib tihe koost\u00f6\u00f6, ma v\u00f5tan aega, et t\u00f5eliselt m\u00f5ista oma klientide unikaalseid vajadusi, tagades edukad ja rahuldavad tulemused. R\u00f5\u00f5m, mida tunnen fotograafia vastu, innustab mind panema igasse pilti kirge ja energiat, jagades oma t\u00f6\u00f6 olemust sinuga.<\/p>\n<p>Mul on hea meel liikuda koos teiega sellele loomingulisele teekonnale, j\u00e4\u00e4dvustada ilusaid hetki ja luua visuaalseid lugusid, mis j\u00e4\u00e4vad kestma.<\/p>\n\t\t\t\t\t\t\t\t<\/div>\n\t\t\t\t<\/div>\n\t\t\t\t<div class=\"elementor-element elementor-element-acb6f73 elementor-widget elementor-widget-spacer\" data-id=\"acb6f73\" data-element_type=\"widget\" data-e-type=\"widget\" data-widget_type=\"spacer.default\">\n\t\t\t\t<div class=\"elementor-widget-container\">\n\t\t\t\t\t\t\t<div class=\"elementor-spacer\">\n\t\t\t<div class=\"elementor-spacer-inner\"><\/div>\n\t\t<\/div>\n\t\t\t\t\t\t<\/div>\n\t\t\t\t<\/div>\n\t\t\t\t\t<\/div>\n\t\t\t\t<\/div>\n\t\t<div class=\"elementor-element elementor-element-1af5dbd e-flex e-con-boxed e-con e-parent\" data-id=\"1af5dbd\" data-element_type=\"container\" data-e-type=\"container\">\n\t\t\t\t\t<div class=\"e-con-inner\">\n\t\t<div class=\"elementor-element elementor-element-92be795 e-con-full e-flex e-con e-child\" data-id=\"92be795\" data-element_type=\"container\" data-e-type=\"container\">\n\t\t\t\t<div class=\"elementor-element elementor-element-08d2fb2 elementor-widget elementor-widget-heading\" data-id=\"08d2fb2\" data-element_type=\"widget\" data-e-type=\"widget\" data-widget_type=\"heading.default\">\n\t\t\t\t<div class=\"elementor-widget-container\">\n\t\t\t\t\t<h2 class=\"elementor-heading-title elementor-size-xl\">Minu oskused:<\/h2>\t\t\t\t<\/div>\n\t\t\t\t<\/div>\n\t\t\t\t<div class=\"elementor-element elementor-element-f610649 elementor-widget-divider--view-line elementor-widget elementor-widget-divider\" data-id=\"f610649\" data-element_type=\"widget\" data-e-type=\"widget\" data-widget_type=\"divider.default\">\n\t\t\t\t<div class=\"elementor-widget-container\">\n\t\t\t\t\t\t\t<div class=\"elementor-divider\">\n\t\t\t<span class=\"elementor-divider-separator\">\n\t\t\t\t\t\t<\/span>\n\t\t<\/div>\n\t\t\t\t\t\t<\/div>\n\t\t\t\t<\/div>\n\t\t\t\t<\/div>\n\t\t<div class=\"elementor-element elementor-element-930dd88 e-con-full e-flex e-con e-child\" data-id=\"930dd88\" data-element_type=\"container\" data-e-type=\"container\">\n\t\t\t\t<div class=\"elementor-element elementor-element-16346f3 elementor-widget elementor-widget-heading\" data-id=\"16346f3\" data-element_type=\"widget\" data-e-type=\"widget\" data-widget_type=\"heading.default\">\n\t\t\t\t<div class=\"elementor-widget-container\">\n\t\t\t\t\t<h4 class=\"elementor-heading-title elementor-size-medium\">Fotograafia<\/h4>\t\t\t\t<\/div>\n\t\t\t\t<\/div>\n\t\t\t\t<div class=\"elementor-element elementor-element-60a60c5 elementor-widget elementor-widget-heading\" data-id=\"60a60c5\" data-element_type=\"widget\" data-e-type=\"widget\" data-widget_type=\"heading.default\">\n\t\t\t\t<div class=\"elementor-widget-container\">\n\t\t\t\t\t<h4 class=\"elementor-heading-title elementor-size-medium\">Videot\u00f6\u00f6tlus<\/h4>\t\t\t\t<\/div>\n\t\t\t\t<\/div>\n\t\t\t\t<div class=\"elementor-element elementor-element-5a2066b elementor-widget elementor-widget-heading\" data-id=\"5a2066b\" data-element_type=\"widget\" data-e-type=\"widget\" data-widget_type=\"heading.default\">\n\t\t\t\t<div class=\"elementor-widget-container\">\n\t\t\t\t\t<h4 class=\"elementor-heading-title elementor-size-medium\">Graafilise disain<\/h4>\t\t\t\t<\/div>\n\t\t\t\t<\/div>\n\t\t\t\t<div class=\"elementor-element elementor-element-16bfb68 elementor-widget elementor-widget-heading\" data-id=\"16bfb68\" data-element_type=\"widget\" data-e-type=\"widget\" data-widget_type=\"heading.default\">\n\t\t\t\t<div class=\"elementor-widget-container\">\n\t\t\t\t\t<h4 class=\"elementor-heading-title elementor-size-medium\">Br\u00e4nding ja turundus<\/h4>\t\t\t\t<\/div>\n\t\t\t\t<\/div>\n\t\t\t\t<div class=\"elementor-element elementor-element-3f05fb0 elementor-widget elementor-widget-heading\" data-id=\"3f05fb0\" data-element_type=\"widget\" data-e-type=\"widget\" data-widget_type=\"heading.default\">\n\t\t\t\t<div class=\"elementor-widget-container\">\n\t\t\t\t\t<h4 class=\"elementor-heading-title elementor-size-medium\">Sisuloome<\/h4>\t\t\t\t<\/div>\n\t\t\t\t<\/div>\n\t\t\t\t<\/div>\n\t\t<div class=\"elementor-element elementor-element-ce45c38 e-con-full e-flex e-con e-child\" data-id=\"ce45c38\" data-element_type=\"container\" data-e-type=\"container\">\n\t\t\t\t<div class=\"elementor-element elementor-element-f6decf5 elementor-widget elementor-widget-heading\" data-id=\"f6decf5\" data-element_type=\"widget\" data-e-type=\"widget\" data-widget_type=\"heading.default\">\n\t\t\t\t<div class=\"elementor-widget-container\">\n\t\t\t\t\t<h4 class=\"elementor-heading-title elementor-size-medium\">Veebiarendus ja SEO<\/h4>\t\t\t\t<\/div>\n\t\t\t\t<\/div>\n\t\t\t\t<div class=\"elementor-element elementor-element-f278a99 elementor-widget elementor-widget-heading\" data-id=\"f278a99\" data-element_type=\"widget\" data-e-type=\"widget\" data-widget_type=\"heading.default\">\n\t\t\t\t<div class=\"elementor-widget-container\">\n\t\t\t\t\t<h4 class=\"elementor-heading-title elementor-size-medium\">Kasutajakogemuse (UX) ja kasutajaliidese (UI) disain<\/h4>\t\t\t\t<\/div>\n\t\t\t\t<\/div>\n\t\t\t\t<div class=\"elementor-element elementor-element-2c9e4fe elementor-widget elementor-widget-heading\" data-id=\"2c9e4fe\" data-element_type=\"widget\" data-e-type=\"widget\" data-widget_type=\"heading.default\">\n\t\t\t\t<div class=\"elementor-widget-container\">\n\t\t\t\t\t<h4 class=\"elementor-heading-title elementor-size-medium\">Projektijuhtimine<\/h4>\t\t\t\t<\/div>\n\t\t\t\t<\/div>\n\t\t\t\t<div class=\"elementor-element elementor-element-66fba9a elementor-widget elementor-widget-heading\" data-id=\"66fba9a\" data-element_type=\"widget\" data-e-type=\"widget\" data-widget_type=\"heading.default\">\n\t\t\t\t<div class=\"elementor-widget-container\">\n\t\t\t\t\t<h4 class=\"elementor-heading-title elementor-size-medium\">Koolitused ja meeskonna arendamine<\/h4>\t\t\t\t<\/div>\n\t\t\t\t<\/div>\n\t\t\t\t<div class=\"elementor-element elementor-element-ff6c1ab elementor-widget elementor-widget-heading\" data-id=\"ff6c1ab\" data-element_type=\"widget\" data-e-type=\"widget\" data-widget_type=\"heading.default\">\n\t\t\t\t<div class=\"elementor-widget-container\">\n\t\t\t\t\t<h4 class=\"elementor-heading-title elementor-size-medium\">Automaatika ja tootmine<\/h4>\t\t\t\t<\/div>\n\t\t\t\t<\/div>\n\t\t\t\t<\/div>\n\t\t\t\t\t<\/div>\n\t\t\t\t<\/div>\n\t\t<div class=\"elementor-element elementor-element-863031e e-flex e-con-boxed e-con e-parent\" data-id=\"863031e\" data-element_type=\"container\" data-e-type=\"container\">\n\t\t\t\t\t<div class=\"e-con-inner\">\n\t\t<div class=\"elementor-element elementor-element-3b18d09 e-con-full e-flex e-con e-child\" data-id=\"3b18d09\" data-element_type=\"container\" data-e-type=\"container\">\n\t\t\t\t<div class=\"elementor-element elementor-element-18eeac6 elementor-invisible elementor-widget elementor-widget-service-box\" data-id=\"18eeac6\" data-element_type=\"widget\" data-e-type=\"widget\" data-settings=\"{&quot;_animation&quot;:&quot;fadeIn&quot;,&quot;_animation_delay&quot;:200}\" data-widget_type=\"service-box.default\">\n\t\t\t\t<div class=\"elementor-widget-container\">\n\t\t\t\t\t<div class=\"service-column none service-column-1 service-boxes-icon-with-title true alignicon-top alignicon-top-horizontal serviceboxes-horizontal clearfix\"> <div class=\"service-item none service-item-space\"><div class=\"service-item-inner service-icon-size-small\"><div class=\"service-content\"><div class=\"time-count-data\" data-to=\"10\">0<\/div><h4>Aastatepikkune kogemus<\/h4><div class=\"service-details\"><p> Leidsin oma kirge fotograafia vastu aastal 2011 ning sellest ajast peale on olnud imeline teekond. <\/p>\n<\/div><\/div><\/div><\/div> <\/div>\t\t\t\t<\/div>\n\t\t\t\t<\/div>\n\t\t\t\t<\/div>\n\t\t<div class=\"elementor-element elementor-element-075c5fc e-con-full e-flex e-con e-child\" data-id=\"075c5fc\" data-element_type=\"container\" data-e-type=\"container\">\n\t\t\t\t<div class=\"elementor-element elementor-element-7c7e258 elementor-invisible elementor-widget elementor-widget-service-box\" data-id=\"7c7e258\" data-element_type=\"widget\" data-e-type=\"widget\" data-settings=\"{&quot;_animation&quot;:&quot;fadeIn&quot;,&quot;_animation_delay&quot;:100}\" data-widget_type=\"service-box.default\">\n\t\t\t\t<div class=\"elementor-widget-container\">\n\t\t\t\t\t<div class=\"service-column none service-column-1 service-boxes-icon-with-title true alignicon-top alignicon-top-horizontal serviceboxes-horizontal clearfix\"> <div class=\"service-item none service-item-space\"><div class=\"service-item-inner service-icon-size-small\"><div class=\"service-content\"><div class=\"time-count-data\" data-to=\"30\">0<\/div><h4>Olen k\u00fclastanud \u00fcle 30 erineva riigi<\/h4><div class=\"service-details\"><p> Aastate jooksul olen k\u00fclastanud paljusid imelisi paiku \u00fcle kogu maailma ning elanud n\u00e4iteks Indias, Vietnamis. <\/p>\n<\/div><\/div><\/div><\/div> <\/div>\t\t\t\t<\/div>\n\t\t\t\t<\/div>\n\t\t\t\t<\/div>\n\t\t\t\t\t<\/div>\n\t\t\t\t<\/div>\n\t\t<div class=\"elementor-element elementor-element-3c10ac0c el-bg e-flex e-con-boxed e-con e-parent\" data-id=\"3c10ac0c\" data-element_type=\"container\" data-e-type=\"container\" data-settings=\"{&quot;background_background&quot;:&quot;classic&quot;}\">\n\t\t\t\t\t<div class=\"e-con-inner\">\n\t\t\t\t<div class=\"elementor-element elementor-element-4307a651 elementor-widget elementor-widget-heading\" data-id=\"4307a651\" data-element_type=\"widget\" data-e-type=\"widget\" data-widget_type=\"heading.default\">\n\t\t\t\t<div class=\"elementor-widget-container\">\n\t\t\t\t\t<h2 class=\"elementor-heading-title elementor-size-default\">Loomingulised lahendused<\/h2>\t\t\t\t<\/div>\n\t\t\t\t<\/div>\n\t\t\t\t<div class=\"elementor-element elementor-element-10028ee0 elementor-widget elementor-widget-heading\" data-id=\"10028ee0\" data-element_type=\"widget\" data-e-type=\"widget\" data-widget_type=\"heading.default\">\n\t\t\t\t<div class=\"elementor-widget-container\">\n\t\t\t\t\t<h5 class=\"elementor-heading-title elementor-size-default\">OLED VALMIS ALUSTAMA OMA TEEKONDA?<\/h5>\t\t\t\t<\/div>\n\t\t\t\t<\/div>\n\t\t\t\t<div class=\"elementor-element elementor-element-3634aa1b elementor-widget elementor-widget-spacer\" data-id=\"3634aa1b\" data-element_type=\"widget\" data-e-type=\"widget\" data-widget_type=\"spacer.default\">\n\t\t\t\t<div class=\"elementor-widget-container\">\n\t\t\t\t\t\t\t<div class=\"elementor-spacer\">\n\t\t\t<div class=\"elementor-spacer-inner\"><\/div>\n\t\t<\/div>\n\t\t\t\t\t\t<\/div>\n\t\t\t\t<\/div>\n\t\t\t\t<div class=\"elementor-element elementor-element-3ee6d14d elementor-widget elementor-widget-text-editor\" data-id=\"3ee6d14d\" data-element_type=\"widget\" data-e-type=\"widget\" data-widget_type=\"text-editor.default\">\n\t\t\t\t<div class=\"elementor-widget-container\">\n\t\t\t\t\t\t\t\t\t<p style=\"text-align: center;\">Soovid fotosessioonide kohta rohkem teada saada v\u00f5i sul tekkis k\u00fcsimusi aga ei leidnud lehelt vastuseid?<br \/>\nKirjuta meile julgelt ja jaga \u00fcksikasju.<\/p>\n\t\t\t\t\t\t\t\t<\/div>\n\t\t\t\t<\/div>\n\t\t\t\t<div class=\"elementor-element elementor-element-58fb1525 elementor-widget elementor-widget-qi_addons_for_elementor_button\" data-id=\"58fb1525\" data-element_type=\"widget\" data-e-type=\"widget\" data-widget_type=\"qi_addons_for_elementor_button.default\">\n\t\t\t\t<div class=\"elementor-widget-container\">\n\t\t\t\t\t<a class=\"qodef-shortcode qodef-m qodef-qi-button qodef-html--link qodef-layout--outlined qodef-type--standard qodef-icon--right qodef-hover--icon-move-horizontal-short\" href=\"https:\/\/kaarelantonov.com\/et\/broneeri-fotosessioon-tallinnas\/\" target=\"_self\">\n\t<span class=\"qodef-m-text\">Saada kiri<\/span>\n\t<\/a>\n\t\t\t\t<\/div>\n\t\t\t\t<\/div>\n\t\t\t\t\t<\/div>\n\t\t\t\t<\/div>\n\t\t\t\t<\/div>\n\t\t","protected":false},"excerpt":{"rendered":"<p>Inspireeritud maailmast Minu lugu Tegelen fotograafiaga p\u00f5hiliselt Tallinnas ja sageli liigun ringi. Soovid rohkem teada, anna endast m\u00e4rku. Saada Kiri Minu lugu Avastasin oma kire fotograafia vastu, elades ja t\u00f6\u00f6tades l\u00f5una-Indias aastal 2011. See v\u00e4rvikas kultuur, t\u00e4is emotsioone ja v\u00e4rve, lummas mind. Tundsin tugevat soovi jagada oma ainulaadset vaatenurka teistega, v\u00f5imaldades neil n\u00e4ha maailma l\u00e4bi minu silmade. Selle visiooni innustusel otsustasin investeerida oma esimesse peegelkaamerasse. Ajendatuna seiklusjanust ja vankumatust armastusest kofeiini vastu, alustasin teekonda \u00fcmber maailma, samal ajal t\u00f6\u00f6tades insenerina. [&hellip;]<\/p>\n","protected":false},"author":2,"featured_media":8100,"parent":6464,"menu_order":0,"comment_status":"closed","ping_status":"closed","template":"","meta":{"footnotes":""},"class_list":["post-7014","page","type-page","status-publish","has-post-thumbnail","hentry"],"aioseo_notices":[],"_links":{"self":[{"href":"https:\/\/kaarelantonov.com\/et\/wp-json\/wp\/v2\/pages\/7014","targetHints":{"allow":["GET"]}}],"collection":[{"href":"https:\/\/kaarelantonov.com\/et\/wp-json\/wp\/v2\/pages"}],"about":[{"href":"https:\/\/kaarelantonov.com\/et\/wp-json\/wp\/v2\/types\/page"}],"author":[{"embeddable":true,"href":"https:\/\/kaarelantonov.com\/et\/wp-json\/wp\/v2\/users\/2"}],"replies":[{"embeddable":true,"href":"https:\/\/kaarelantonov.com\/et\/wp-json\/wp\/v2\/comments?post=7014"}],"version-history":[{"count":8,"href":"https:\/\/kaarelantonov.com\/et\/wp-json\/wp\/v2\/pages\/7014\/revisions"}],"predecessor-version":[{"id":9768,"href":"https:\/\/kaarelantonov.com\/et\/wp-json\/wp\/v2\/pages\/7014\/revisions\/9768"}],"up":[{"embeddable":true,"href":"https:\/\/kaarelantonov.com\/et\/wp-json\/wp\/v2\/pages\/6464"}],"wp:featuredmedia":[{"embeddable":true,"href":"https:\/\/kaarelantonov.com\/et\/wp-json\/wp\/v2\/media\/8100"}],"wp:attachment":[{"href":"https:\/\/kaarelantonov.com\/et\/wp-json\/wp\/v2\/media?parent=7014"}],"curies":[{"name":"wp","href":"https:\/\/api.w.org\/{rel}","templated":true}]}}